{"id":220,"date":"2024-11-07T16:13:25","date_gmt":"2024-11-07T16:13:25","guid":{"rendered":"https:\/\/speravi.com.hr\/?page_id=220"},"modified":"2024-11-13T00:13:25","modified_gmt":"2024-11-13T00:13:25","slug":"uvjeti-mrezne-trgovine-placanje-i-dostava","status":"publish","type":"page","link":"https:\/\/speravi.com.hr\/index.php\/uvjeti-mrezne-trgovine-placanje-i-dostava\/","title":{"rendered":"UVJETI MRE\u017dNE TRGOVINE, PLA\u0106ANJE I DOSTAVA"},"content":{"rendered":"<p><strong>Kupovanje u mre\u017enoj trgovini naklade Speravi i pla\u0107anje<\/strong><br>Kupac je fizi\u010dka ili pravna osoba koja naru\u010duje, pla\u0107a uslugu dostave ili osobno preuzima proizvod posredstvom mre\u017ene trgovine naklade Speravi. Kupac mo\u017ee postati svaka punoljetna fizi\u010dka osoba ili pravna osoba. Maloljetne osobe mogu naru\u010divati artikle samo uz suglasnost njihova zakonskog zastupnika. Kupac mo\u017ee proizvod naru\u010diti i kupiti za tre\u0107u osobu (primatelja), na \u010diju se adresu proizvod u tom slu\u010daju dostavlja. Naklada Speravi prikuplja samo osnovne osobne podatke kupca, nu\u017ene za uspje\u0161no i transparentno poslovanje.<br>Cijene istaknute uz proizvod vrijede za sve oblike pla\u0107anja. Cijene dostave nisu uklju\u010dene u istaknute cijene proizvoda te se navode nakon \u0161to kupac odabere proizvod i \u017eeljeni na\u010din dostave\/pla\u0107anja.<br>Kupnja proizvoda obavlja se pregledom ponude, odabirom \u017eeljenog proizvoda i njegovim stavljanjem u ko\u0161aricu. Pla\u0107anje se izvr\u0161ava izravnom uplatom iznosa cijene proizvoda na ra\u010dun naklade Speravi.<\/p><p>Kad je narud\u017eba zaprimljena, Speravi \u0107e to kupcu potvrditi e-porukom. Kad uplata iznosa cijene bude vidljiva na na\u0161em ra\u010dunu, kupca se e-porukom obavje\u0161tava da je narud\u017eba dovr\u0161ena. Naru\u010deni proizvod dostavlja se kupcu na odabrani na\u010din u najkra\u0107em mogu\u0107em roku (uobi\u010dajeno izme\u0111u jednog i 3 radna dana), a za najvi\u0161e 5 radnih dana. Ako naru\u010deni proizvod trenutno nije raspolo\u017eiv ili je narud\u017ebu mogu\u0107e samo djelomi\u010dno kompletirati, kupac \u0107e e-porukom biti upoznat s tom \u010dinjenicom, kao i s najkra\u0107im mogu\u0107im rokom dostupnosti i isporuke naru\u010denog proizvoda. U tom slu\u010daju kupac mo\u017ee odlu\u010diti \u010dekati dostupnost odabranog proizvoda, odabrati drugi proizvod ili odustati od kupnje. Speravi nema uvid u bankovne podatke kupca. Sva pla\u0107anja mogu se obaviti isklju\u010divo u eurima (EUR). Tro\u0161kovi uplate i\/ili me\u0111ubankarske transakcije nisu uklju\u010deni u cijenu.<\/p><p><strong>Dostava<\/strong><br>Nakon zaklju\u010divanja narud\u017ebe na ra\u010dunu je istaknuta cijena proizvoda i cijena dostave\/po\u0161tarine. Kupljeni proizvodi zasad se mogu dostaviti samo na podru\u010dju Republike Hrvatske (zbog visokih tro\u0161kova dostave u inozemstvo), prema uvjetima koji vrijede za svako podru\u010dje dostave. Dostava se obavlja putem Hrvatske po\u0161te i servisa Box now. Cijena dostave za kupca putem servisa Box now iznosi 1 euro, a putem Hrvatske po\u0161te 2 eura. Naklada Speravi ne odgovara kupcu (primatelju) za manje ogrebotine na proizvodima koje su nastale kao posljedica dostave robe putem dostavne slu\u017ebe ako ne naru\u0161avaju uporabljivost proizvoda.<\/p><p><strong>Prigovori, dodatni upiti i autorska prava<\/strong><br>Sve prigovore i upite vezane za kupovinu u mre\u017enoj trgovini ili na\u0161e proizvode kupac mo\u017ee uputiti na e-adresu speravi@speravi.com.hr. Speravi se obvezuje odgovoriti na njih u najkra\u0107em mogu\u0107em roku. Naklada Speravi nositelj je autorskih prava na sadr\u017eaj i izgled ove mre\u017ene stranice, te se ni\u0161ta od navedenog ne smije bez njezinoga dopu\u0161tenja ni koristiti ni ustupati tre\u0107im osobama.<\/p>","protected":false},"excerpt":{"rendered":"<p>Kupovanje u mre\u017enoj trgovini naklade Speravi i pla\u0107anjeKupac je fizi\u010dka ili pravna osoba koja naru\u010duje, pla\u0107a uslugu dostave ili osobno preuzima proizvod posredstvom mre\u017ene trgovine naklade Speravi. Kupac mo\u017ee postati svaka punoljetna fizi\u010dka osoba ili pravna osoba. Maloljetne osobe mogu naru\u010divati artikle samo uz suglasnost njihova zakonskog zastupnika. Kupac mo\u017ee proizvod naru\u010diti i kupiti za [&hellip;]<\/p>\n","protected":false},"author":1,"featured_media":0,"parent":0,"menu_order":0,"comment_status":"closed","ping_status":"closed","template":"","meta":{"footnotes":""},"class_list":["post-220","page","type-page","status-publish","hentry"],"yoast_head":"<!-- This site is optimized with the Yoast SEO plugin v23.4 - https:\/\/yoast.com\/wordpress\/plugins\/seo\/ -->\n<title>UVJETI MRE\u017dNE TRGOVINE, PLA\u0106ANJE I DOSTAVA - Speravi<\/title>\n<meta name=\"robots\" content=\"index, follow, max-snippet:-1, max-image-preview:large, max-video-preview:-1\" \/>\n<link rel=\"canonical\" href=\"https:\/\/speravi.com.hr\/index.php\/uvjeti-mrezne-trgovine-placanje-i-dostava\/\" \/>\n<meta property=\"og:locale\" content=\"hr_HR\" \/>\n<meta property=\"og:type\" content=\"article\" \/>\n<meta property=\"og:title\" content=\"UVJETI MRE\u017dNE TRGOVINE, PLA\u0106ANJE I DOSTAVA - Speravi\" \/>\n<meta property=\"og:description\" content=\"Kupovanje u mre\u017enoj trgovini naklade Speravi i pla\u0107anjeKupac je fizi\u010dka ili pravna osoba koja naru\u010duje, pla\u0107a uslugu dostave ili osobno preuzima proizvod posredstvom mre\u017ene trgovine naklade Speravi. Kupac mo\u017ee postati svaka punoljetna fizi\u010dka osoba ili pravna osoba. Maloljetne osobe mogu naru\u010divati artikle samo uz suglasnost njihova zakonskog zastupnika. Kupac mo\u017ee proizvod naru\u010diti i kupiti za [&hellip;]\" \/>\n<meta property=\"og:url\" content=\"https:\/\/speravi.com.hr\/index.php\/uvjeti-mrezne-trgovine-placanje-i-dostava\/\" \/>\n<meta property=\"og:site_name\" content=\"Speravi\" \/>\n<meta property=\"article:modified_time\" content=\"2024-11-13T00:13:25+00:00\" \/>\n<meta name=\"twitter:card\" content=\"summary_large_image\" \/>\n<meta name=\"twitter:label1\" content=\"Procijenjeno vrijeme \u010ditanja\" \/>\n\t<meta name=\"twitter:data1\" content=\"3 minute\" \/>\n<script type=\"application\/ld+json\" class=\"yoast-schema-graph\">{\"@context\":\"https:\/\/schema.org\",\"@graph\":[{\"@type\":\"WebPage\",\"@id\":\"https:\/\/speravi.com.hr\/index.php\/uvjeti-mrezne-trgovine-placanje-i-dostava\/\",\"url\":\"https:\/\/speravi.com.hr\/index.php\/uvjeti-mrezne-trgovine-placanje-i-dostava\/\",\"name\":\"UVJETI MRE\u017dNE TRGOVINE, PLA\u0106ANJE I DOSTAVA - Speravi\",\"isPartOf\":{\"@id\":\"https:\/\/speravi.com.hr\/#website\"},\"datePublished\":\"2024-11-07T16:13:25+00:00\",\"dateModified\":\"2024-11-13T00:13:25+00:00\",\"breadcrumb\":{\"@id\":\"https:\/\/speravi.com.hr\/index.php\/uvjeti-mrezne-trgovine-placanje-i-dostava\/#breadcrumb\"},\"inLanguage\":\"hr\",\"potentialAction\":[{\"@type\":\"ReadAction\",\"target\":[\"https:\/\/speravi.com.hr\/index.php\/uvjeti-mrezne-trgovine-placanje-i-dostava\/\"]}]},{\"@type\":\"BreadcrumbList\",\"@id\":\"https:\/\/speravi.com.hr\/index.php\/uvjeti-mrezne-trgovine-placanje-i-dostava\/#breadcrumb\",\"itemListElement\":[{\"@type\":\"ListItem\",\"position\":1,\"name\":\"Po\u010detna stranica\",\"item\":\"https:\/\/speravi.com.hr\/\"},{\"@type\":\"ListItem\",\"position\":2,\"name\":\"UVJETI MRE\u017dNE TRGOVINE, PLA\u0106ANJE I DOSTAVA\"}]},{\"@type\":\"WebSite\",\"@id\":\"https:\/\/speravi.com.hr\/#website\",\"url\":\"https:\/\/speravi.com.hr\/\",\"name\":\"Speravi\",\"description\":\"U\u010dimo malene da su istinski veliki.\",\"publisher\":{\"@id\":\"https:\/\/speravi.com.hr\/#organization\"},\"potentialAction\":[{\"@type\":\"SearchAction\",\"target\":{\"@type\":\"EntryPoint\",\"urlTemplate\":\"https:\/\/speravi.com.hr\/?s={search_term_string}\"},\"query-input\":{\"@type\":\"PropertyValueSpecification\",\"valueRequired\":true,\"valueName\":\"search_term_string\"}}],\"inLanguage\":\"hr\"},{\"@type\":\"Organization\",\"@id\":\"https:\/\/speravi.com.hr\/#organization\",\"name\":\"Speravi\",\"url\":\"https:\/\/speravi.com.hr\/\",\"logo\":{\"@type\":\"ImageObject\",\"inLanguage\":\"hr\",\"@id\":\"https:\/\/speravi.com.hr\/#\/schema\/logo\/image\/\",\"url\":\"https:\/\/speravi.com.hr\/wp-content\/uploads\/2024\/09\/Speravi-logo.jpg\",\"contentUrl\":\"https:\/\/speravi.com.hr\/wp-content\/uploads\/2024\/09\/Speravi-logo.jpg\",\"width\":695,\"height\":688,\"caption\":\"Speravi\"},\"image\":{\"@id\":\"https:\/\/speravi.com.hr\/#\/schema\/logo\/image\/\"}}]}<\/script>\n<!-- \/ Yoast SEO plugin. -->","yoast_head_json":{"title":"UVJETI MRE\u017dNE TRGOVINE, PLA\u0106ANJE I DOSTAVA - Speravi","robots":{"index":"index","follow":"follow","max-snippet":"max-snippet:-1","max-image-preview":"max-image-preview:large","max-video-preview":"max-video-preview:-1"},"canonical":"https:\/\/speravi.com.hr\/index.php\/uvjeti-mrezne-trgovine-placanje-i-dostava\/","og_locale":"hr_HR","og_type":"article","og_title":"UVJETI MRE\u017dNE TRGOVINE, PLA\u0106ANJE I DOSTAVA - Speravi","og_description":"Kupovanje u mre\u017enoj trgovini naklade Speravi i pla\u0107anjeKupac je fizi\u010dka ili pravna osoba koja naru\u010duje, pla\u0107a uslugu dostave ili osobno preuzima proizvod posredstvom mre\u017ene trgovine naklade Speravi. Kupac mo\u017ee postati svaka punoljetna fizi\u010dka osoba ili pravna osoba. Maloljetne osobe mogu naru\u010divati artikle samo uz suglasnost njihova zakonskog zastupnika. Kupac mo\u017ee proizvod naru\u010diti i kupiti za [&hellip;]","og_url":"https:\/\/speravi.com.hr\/index.php\/uvjeti-mrezne-trgovine-placanje-i-dostava\/","og_site_name":"Speravi","article_modified_time":"2024-11-13T00:13:25+00:00","twitter_card":"summary_large_image","twitter_misc":{"Procijenjeno vrijeme \u010ditanja":"3 minute"},"schema":{"@context":"https:\/\/schema.org","@graph":[{"@type":"WebPage","@id":"https:\/\/speravi.com.hr\/index.php\/uvjeti-mrezne-trgovine-placanje-i-dostava\/","url":"https:\/\/speravi.com.hr\/index.php\/uvjeti-mrezne-trgovine-placanje-i-dostava\/","name":"UVJETI MRE\u017dNE TRGOVINE, PLA\u0106ANJE I DOSTAVA - Speravi","isPartOf":{"@id":"https:\/\/speravi.com.hr\/#website"},"datePublished":"2024-11-07T16:13:25+00:00","dateModified":"2024-11-13T00:13:25+00:00","breadcrumb":{"@id":"https:\/\/speravi.com.hr\/index.php\/uvjeti-mrezne-trgovine-placanje-i-dostava\/#breadcrumb"},"inLanguage":"hr","potentialAction":[{"@type":"ReadAction","target":["https:\/\/speravi.com.hr\/index.php\/uvjeti-mrezne-trgovine-placanje-i-dostava\/"]}]},{"@type":"BreadcrumbList","@id":"https:\/\/speravi.com.hr\/index.php\/uvjeti-mrezne-trgovine-placanje-i-dostava\/#breadcrumb","itemListElement":[{"@type":"ListItem","position":1,"name":"Po\u010detna stranica","item":"https:\/\/speravi.com.hr\/"},{"@type":"ListItem","position":2,"name":"UVJETI MRE\u017dNE TRGOVINE, PLA\u0106ANJE I DOSTAVA"}]},{"@type":"WebSite","@id":"https:\/\/speravi.com.hr\/#website","url":"https:\/\/speravi.com.hr\/","name":"Speravi","description":"U\u010dimo malene da su istinski veliki.","publisher":{"@id":"https:\/\/speravi.com.hr\/#organization"},"potentialAction":[{"@type":"SearchAction","target":{"@type":"EntryPoint","urlTemplate":"https:\/\/speravi.com.hr\/?s={search_term_string}"},"query-input":{"@type":"PropertyValueSpecification","valueRequired":true,"valueName":"search_term_string"}}],"inLanguage":"hr"},{"@type":"Organization","@id":"https:\/\/speravi.com.hr\/#organization","name":"Speravi","url":"https:\/\/speravi.com.hr\/","logo":{"@type":"ImageObject","inLanguage":"hr","@id":"https:\/\/speravi.com.hr\/#\/schema\/logo\/image\/","url":"https:\/\/speravi.com.hr\/wp-content\/uploads\/2024\/09\/Speravi-logo.jpg","contentUrl":"https:\/\/speravi.com.hr\/wp-content\/uploads\/2024\/09\/Speravi-logo.jpg","width":695,"height":688,"caption":"Speravi"},"image":{"@id":"https:\/\/speravi.com.hr\/#\/schema\/logo\/image\/"}}]}},"_links":{"self":[{"href":"https:\/\/speravi.com.hr\/index.php\/wp-json\/wp\/v2\/pages\/220","targetHints":{"allow":["GET"]}}],"collection":[{"href":"https:\/\/speravi.com.hr\/index.php\/wp-json\/wp\/v2\/pages"}],"about":[{"href":"https:\/\/speravi.com.hr\/index.php\/wp-json\/wp\/v2\/types\/page"}],"author":[{"embeddable":true,"href":"https:\/\/speravi.com.hr\/index.php\/wp-json\/wp\/v2\/users\/1"}],"replies":[{"embeddable":true,"href":"https:\/\/speravi.com.hr\/index.php\/wp-json\/wp\/v2\/comments?post=220"}],"version-history":[{"count":4,"href":"https:\/\/speravi.com.hr\/index.php\/wp-json\/wp\/v2\/pages\/220\/revisions"}],"predecessor-version":[{"id":377,"href":"https:\/\/speravi.com.hr\/index.php\/wp-json\/wp\/v2\/pages\/220\/revisions\/377"}],"wp:attachment":[{"href":"https:\/\/speravi.com.hr\/index.php\/wp-json\/wp\/v2\/media?parent=220"}],"curies":[{"name":"wp","href":"https:\/\/api.w.org\/{rel}","templated":true}]}}