{"id":235,"date":"2024-11-07T16:47:40","date_gmt":"2024-11-07T16:47:40","guid":{"rendered":"https:\/\/speravi.com.hr\/?page_id=235"},"modified":"2025-09-16T14:58:58","modified_gmt":"2025-09-16T14:58:58","slug":"tko-smo-2","status":"publish","type":"page","link":"https:\/\/speravi.com.hr\/index.php\/tko-smo-2\/","title":{"rendered":"TKO SMO?"},"content":{"rendered":"<p><strong>Na\u0161e nadahnu\u0107e i cilj<\/strong><br>\u010covjek koji istinski poznaje sebe, mo\u017ee istinski voljeti drugoga. \u010covjek koji poznaje vlastitu vrijednost i dostojanstvo, \u010dovjek je koji mo\u017ee cijeniti dostojanstvo i vrijednost drugoga, \u010dak i kada je taj drugi od njega druga\u010diji. Takvog \u010dovjeka \u017eelimo poku\u0161ati pomo\u0107i oblikovati svakom svojom rije\u010dju, pri\u010dom, ilustracijom i svime \u0161to \u010dinimo. Stvaramo pri\u010de koje od va\u0161ih i na\u0161ih malenih stvaraju ljude svjesne vlastite veli\u010dine. Ne one koja drugoga gazi, nego one koja drugome slu\u017ei, ali i sebe voli. Svoj identitet mladi \u010dovjek lak\u0161e gradi upoznaju\u0107i identitet mjesta i naroda svoga ro\u0111enja ili \u017eivljenja, uspore\u0111uju\u0107i ga s drugima te oblikuju\u0107i tako polako sliku svoga pravoga ja. Tim su identitetom pro\u017eeta i na\u0161a izdanja.<\/p><p><strong>Tematika, izgled i sadr\u017eaj na\u0161ih izdanja<\/strong><br>Prva smo hrvatska izdava\u010dka ku\u0107a usredoto\u010dena na pribli\u017eavanje hrvatske kulturne, nacionalne i jezi\u010dne ba\u0161tine djeci. Svojim se izdanjima uklju\u010dujemo i na ve\u0107 \u017eivo i bogato tr\u017ei\u0161te katoli\u010dkih publikacija za djecu, na kojem ipak ostavljamo trag svoje usmjerenosti na odgoj \u010dovjeka koji misli, razumije, razlu\u010duje i djeluje. Zbog ostvarenja tog cilja svako je na\u0161e izdanje popra\u0107eno kratkim radnim materijalima pomo\u0107u kojih maleni \u010ditatelji pobolj\u0161avaju svoje kognitivne sposobnosti, ali i u\u010de prepoznati unutarnji svijet emocija i misli drugoga (lika) i sebe. Pri tiskanju svojih izdanja trudimo se tako\u0111er birati fontove i na\u010dine oblikovanja pristupa\u010dnije i djeci suo\u010denoj s te\u0161ko\u0107ama \u010ditanja. Svoje knjige trudimo se u\u010diniti dostupnima, korisnima i zanimljivima svima. \u017delimo svakom djetetu pomo\u0107i pro\u017eivjeti kvalitetnu pri\u010du. Na\u0161u umjetni\u010dku i svoju \u017eivotnu.<\/p><p><strong>Na\u0161 tim<\/strong><br>Glavna vesla na\u0161ega broda dr\u017ee urednica i autorica glavnine tekstova Valentina i majstorica crte\u017ea Silva. Profesorica i ilustratorica. Duo sastavljen brzo i neplanirano, ali itekako funkcionalno. Nakon jednog otkaza koji je umjesto o\u010daja pokrenuo nova nadahnu\u0107a s jedne i neopravdanog nedostatka poslovnih prilika s druge strane. Obje mlade \u017eene. Obje kreativne, odgovaraju\u0107e obrazovane i stru\u010dne u svojim podru\u010djima. Ali obje i suo\u010dene s fizi\u010dkim te\u0161ko\u0107ama. S jedne strane vi\u0161e, s druge manje, ali dovoljno za razumjeti kako je to u \u017eivotu dobiti tvrdi i grubi kamen. No i odlu\u010diti s vjerom, trudom i nadom od njega napraviti lijepu, prostranu, kr\u0161nu i ugodnu ku\u0107icu. Duh pouzdanja, jakosti i ustrajnosti koji svakodnevno odlu\u010duju \u017eivjeti \u017eele svojim radom odra\u017eavati i na (malene) \u010ditatelje prenositi. Na\u0161 tim \u010dine i stru\u010dni suradnici profesori, teolozi, u\u010ditelji i odgojitelji koji, svaki u svom podru\u010dju, stru\u010dnim savjetima, znanjima i vje\u0161tinama podi\u017eu kvalitetu na\u0161ih izdanja.&nbsp;<\/p><p><strong>Tko je autorica Valentina?<\/strong><br>Valentina Jandra\u0161ek vlasnica je i urednica naklade Speravi te autorica ve\u0107ine tekstova Speravijevih izdanja. Ro\u0111ena je 6. svibnja 1995. godine u Zagrebu. Na Filozofskom fakultetu u rodnome gradu 2022. godine stje\u010de zvanje magistre edukacije (profesorice) hrvatskog jezika i knji\u017eevnosti te komparativne knji\u017eevnosti. Odmah potom zapo\u0161ljava se u manjoj izdava\u010dkoj ku\u0107i, u kojoj tijekom dviju godina rada stje\u010de prili\u010dno bogato iskustvo lektorsko-korektorskog rada na raznovrsnim tekstovima, uz poneki kratki izlet u uredni\u010dki dio izdava\u010dkog kola\u010da. Iako nema iskustva u izravnom nastavnom radu, ve\u0107 tijekom studija u slobodno vrijeme zdu\u0161no pru\u017ea poduke iz Hrvatskoga jezika, ali i sudjeluje u provedbi aktivnosti organiziranih za brojnije skupine djece. Dar za pisanje svakovrsnih tekstova otkriva jo\u0161 u osnovno\u0161kolskoj dobi, a on se nastavlja razvijati tijekom nastavka obrazovanja. Autorica je brojnih recenzija knjiga i raznovrsnih tekstova za razne mre\u017ene izvore. Pomo\u0107u naklade Speravi trudi se taj dar staviti u slu\u017ebu radosti, obrazovanja i izgradnje onih koji su zalog na\u0161e ispunjene i blagoslovljene budu\u0107nosti. Budu\u0107i da se \u010dovjek najbolje poznaje po tragu koji ostavi u drugima, vi\u0161e o Valentini i njezinom raznovrsnom radu mogu progovoriti rije\u010di onih koji s njom dijele \u017eivotna i profesionalna iskustva: <\/p><div class=\"wp-block-media-text is-stacked-on-mobile is-vertically-aligned-top has-medium-font-size\"><figure class=\"wp-block-media-text__media\"><img loading=\"lazy\" decoding=\"async\" width=\"869\" height=\"1024\" src=\"https:\/\/speravi.com.hr\/wp-content\/uploads\/2024\/11\/pocetak-karijere-869x1024.jpg\" alt=\"\" class=\"wp-image-259 size-full\" srcset=\"https:\/\/speravi.com.hr\/wp-content\/uploads\/2024\/11\/pocetak-karijere-869x1024.jpg 869w, https:\/\/speravi.com.hr\/wp-content\/uploads\/2024\/11\/pocetak-karijere-255x300.jpg 255w, https:\/\/speravi.com.hr\/wp-content\/uploads\/2024\/11\/pocetak-karijere-768x905.jpg 768w, https:\/\/speravi.com.hr\/wp-content\/uploads\/2024\/11\/pocetak-karijere-1304x1536.jpg 1304w, https:\/\/speravi.com.hr\/wp-content\/uploads\/2024\/11\/pocetak-karijere-600x707.jpg 600w, https:\/\/speravi.com.hr\/wp-content\/uploads\/2024\/11\/pocetak-karijere.jpg 1531w\" sizes=\"auto, (max-width: 869px) 100vw, 869px\" \/><\/figure><div class=\"wp-block-media-text__content\"><p class=\"has-small-font-size\"><em>Vale je pravo Bo\u017eje \u010dudo jo\u0161 od svojega po\u010detka. Rekli su da ne\u0107e hodati, a ona danas tr\u010di po savskome nasipu. I u mnogo\u010demu drugome Vale je veliki borac \u2013 hrabra, jaka i uporna \u2013 sa \u0161irokim osmijehom s kojim Vas susre\u0107e i koji joj se razvu\u010de preko lica kada zapazi jo\u0161 jedan u nizu tragova providnosti, blagoslova i milosti u svijetu. Svojom pozitivno\u0161\u0107u i mirom donese sunce i u dane kad Vam se \u010dini kao da stojite nad crnim ponorom i vi\u0161e ni u \u010demu ne vidite smisla. Ona je i vrsna kroatistica i komparatistica koja \u0107e Vas odu\u0161eviti svojim zaklju\u010dcima, a svojim osebujnim, duhovitim i dubokim stilom pisanja nikoga ne ostavlja ravnodu\u0161nim. Dopustite da svojim rije\u010dima prona\u0111e put i do Va\u0161ega srca.<\/em> <strong>Mateja Plavec, prijateljica i kolegica u struci<\/strong><\/p><\/div><\/div><div class=\"wp-block-media-text has-media-on-the-right is-stacked-on-mobile is-vertically-aligned-top\"><div class=\"wp-block-media-text__content\"><p class=\"has-text-align-left has-small-font-size\"><em>S gospo\u0111icom Valentinom Jandra\u0161ek sura\u0111ivao sam tijekom priprema mojega romana \u201eMatijino stolje\u0107e rata\u201c za tisak. Valentina je radila lekturu i taj je posao \u2013 a nije ga bilo malo jer sam ja ipak in\u017eenjer po obrazovanju \u2013 napravila izvrsno. No vi\u0161e od same lekture kod Valentine me odu\u0161evilo to \u0161to rukopis nije i\u0161\u010ditavala hladno i distancirano, mehani\u010dki, ve\u0107 mu je pristupila manirom vrsne urednice, sugeriraju\u0107i mi da napravim neke intervencije koje su rukopis u\u010dinile boljim. Na njen nagovor u knjigu je dodan i \u201eTuma\u010d manje poznatih rije\u010di\u201c, \u0161to se pokazalo kao pun pogodak, budu\u0107i da su dijalozi u knjizi pisani lokalnim hercegova\u010dkim idiomom. Zbog svega navedenog, svoje \u0107u budu\u0107e uratke sasvim sigurno prvo slati Valentini da ih ona temeljito pro\u010de\u0161lja. <\/em><br><em><strong>Ivan \u0160imi\u0107, autor, poduzetnik, publicist i kolumnist<\/strong><\/em><\/p><\/div><figure class=\"wp-block-media-text__media\"><img loading=\"lazy\" decoding=\"async\" width=\"682\" height=\"1024\" src=\"https:\/\/speravi.com.hr\/wp-content\/uploads\/2024\/11\/portret-682x1024.jpg\" alt=\"\" class=\"wp-image-273 size-full\" srcset=\"https:\/\/speravi.com.hr\/wp-content\/uploads\/2024\/11\/portret-682x1024.jpg 682w, https:\/\/speravi.com.hr\/wp-content\/uploads\/2024\/11\/portret-200x300.jpg 200w, https:\/\/speravi.com.hr\/wp-content\/uploads\/2024\/11\/portret-768x1152.jpg 768w, https:\/\/speravi.com.hr\/wp-content\/uploads\/2024\/11\/portret-600x900.jpg 600w, https:\/\/speravi.com.hr\/wp-content\/uploads\/2024\/11\/portret.jpg 853w\" sizes=\"auto, (max-width: 682px) 100vw, 682px\" \/><\/figure><\/div><div class=\"wp-block-media-text is-stacked-on-mobile is-vertically-aligned-center\" style=\"grid-template-columns:15% auto\"><figure class=\"wp-block-media-text__media\"><img loading=\"lazy\" decoding=\"async\" width=\"706\" height=\"690\" src=\"https:\/\/speravi.com.hr\/wp-content\/uploads\/2024\/11\/Uciteljica.png\" alt=\"\" class=\"wp-image-260 size-full\" srcset=\"https:\/\/speravi.com.hr\/wp-content\/uploads\/2024\/11\/Uciteljica.png 706w, https:\/\/speravi.com.hr\/wp-content\/uploads\/2024\/11\/Uciteljica-300x293.png 300w, https:\/\/speravi.com.hr\/wp-content\/uploads\/2024\/11\/Uciteljica-600x586.png 600w\" sizes=\"auto, (max-width: 706px) 100vw, 706px\" \/><\/figure><div class=\"wp-block-media-text__content\"><p class=\"has-small-font-size\"><em>Ja sam kao u\u010denica ni\u017eih razreda imala problema s Hrvatskim jezikom. Po\u010detkom petog razreda, zbog straha kako \u0107u savladati gradivo koje dolazi, odlazim na instrukcije iz Hrvatskog jezika. Valentina mi je pomogla u svemu: od gramatike, preko knji\u017eevnosti i lektire do na\u010dina na koji da sastavim dobar sastavak. Zbog straha nisam voljela Hrvatski jezik. Uz Valentininu pomo\u0107 prevladala sam sve strahove i tijekom osnovne \u0161kole nisam imala nikakvih problema vezanih za gradivo Hrvatskog jezika. Valentina mi je dr\u017eala instrukcije tijekom jedne \u0161kolske godine (peti razred) i zbog nje mi Hrvatski jezik nije bio omra\u017eeni predmet. Sad kre\u0107em u srednju \u0161kolu i ako budem imala bilo kakvih problema s Hrvatskim, bez razmi\u0161ljanja \u0107u se obratiti Valentini za pomo\u0107. <\/em><br><em><strong>u\u010denica Mia<\/strong><\/em><\/p><\/div><\/div><div class=\"wp-block-media-text has-media-on-the-right is-stacked-on-mobile is-vertically-aligned-top\"><div class=\"wp-block-media-text__content\"><p><strong>Tko je ilustratorica Silva?<\/strong><br>Silva Kedmenec ro\u0111ena je 1995. u Zagrebu, a \u0161kolovana u brojnim europskim zemljama. Cijeli \u017eivot se selila zbog o\u010deve diplomatske karijere. O\u010dev izra\u017eeni trud oko promicanja hrvatske kulture diljem svijeta odrazio se i na njezino odrastanje i sustav vrijednosti, te joj omogu\u0107io stjecanje razgranatog op\u0107eg znanja i ljubavi prema hrvatskim kulturnim vrijednostima, zbog koje se odu\u0161evljeno uklju\u010dila u zamisao i realizaciju pokretanja naklade Speravi. <\/p>\n\n<p><\/p><\/div><figure class=\"wp-block-media-text__media\"><img loading=\"lazy\" decoding=\"async\" width=\"768\" height=\"1024\" src=\"https:\/\/speravi.com.hr\/wp-content\/uploads\/2024\/11\/viber_image_2024-04-11_16-17-31-280-768x1024.jpg\" alt=\"\" class=\"wp-image-263 size-full\" srcset=\"https:\/\/speravi.com.hr\/wp-content\/uploads\/2024\/11\/viber_image_2024-04-11_16-17-31-280-768x1024.jpg 768w, https:\/\/speravi.com.hr\/wp-content\/uploads\/2024\/11\/viber_image_2024-04-11_16-17-31-280-225x300.jpg 225w, https:\/\/speravi.com.hr\/wp-content\/uploads\/2024\/11\/viber_image_2024-04-11_16-17-31-280-1152x1536.jpg 1152w, https:\/\/speravi.com.hr\/wp-content\/uploads\/2024\/11\/viber_image_2024-04-11_16-17-31-280-600x800.jpg 600w, https:\/\/speravi.com.hr\/wp-content\/uploads\/2024\/11\/viber_image_2024-04-11_16-17-31-280.jpg 1200w\" sizes=\"auto, (max-width: 768px) 100vw, 768px\" \/><\/figure><\/div><div class=\"wp-block-media-text is-stacked-on-mobile is-vertically-aligned-top\"><figure class=\"wp-block-media-text__media\"><img loading=\"lazy\" decoding=\"async\" width=\"1024\" height=\"674\" src=\"https:\/\/speravi.com.hr\/wp-content\/uploads\/2024\/11\/tolkien-2-1-1024x674.png\" alt=\"\" class=\"wp-image-267 size-full\" srcset=\"https:\/\/speravi.com.hr\/wp-content\/uploads\/2024\/11\/tolkien-2-1-1024x674.png 1024w, https:\/\/speravi.com.hr\/wp-content\/uploads\/2024\/11\/tolkien-2-1-300x197.png 300w, https:\/\/speravi.com.hr\/wp-content\/uploads\/2024\/11\/tolkien-2-1-768x505.png 768w, https:\/\/speravi.com.hr\/wp-content\/uploads\/2024\/11\/tolkien-2-1-600x395.png 600w, https:\/\/speravi.com.hr\/wp-content\/uploads\/2024\/11\/tolkien-2-1.png 1304w\" sizes=\"auto, (max-width: 1024px) 100vw, 1024px\" \/><\/figure><div class=\"wp-block-media-text__content\"><p>Od najranije je dobi zaokuplja svijet vizualnog pripovijedanja i o\u017eivljavanja pri\u010da pomo\u0107u nekoliko crta olovkom. Nadahnu\u0107e oduvijek pronalazi u svemu \u0161to je okru\u017euje, od bajki i prirode do kulture i \u017eivoga svijeta, a nadahnu\u0107e \u010desto i sama biva svima oko sebe, ne dopu\u0161taju\u0107i fizi\u010dkim te\u0161ko\u0107ama da nadja\u010daju umjetni\u010dke darovite snage. <\/p><\/div><\/div><p>Zavr\u0161ila je gimnaziju Sankt Petri u Kopenhagenu (2014.), \u010detiri semestra studija komparativne knji\u017eevnosti na Filozofskom fakultetu u Zagrebu, kao i te\u010daj animacije na Likovnoj akademiji Vilnius (VDA). Od 2018. do 2021. studirala je na litavskom fakultetu Vilnius College of Technologies and Design, nakon \u010dega je stekla prvostupni\u010dku diplomu s podru\u010dja dizajna publikacija i ilustracije. Od 2017. odgovorna je za grafi\u010dki dizajn promotivnih materijala, ulaznica, logotipa i sli\u010dnih materijala za Me\u0111unarodnu udrugu \u017eena iz Vilniusa (IWAV). Tako\u0111er, dizajnirala je promotivne i tiskane materijale za Me\u0111unarodni bo\u017ei\u0107ni dobrotvorni sajam u Vilniusu (od 2017. do 2020.) te za dobrotvornu kampanju Blossom of Hope (od 2018. do 2020.). Za podru\u010dje djelovanja naklade Speravi posebno je va\u017ean njezin anga\u017eman za dje\u010dje kazali\u0161te (Labas! Festival (2017.) u Vilniusu i Grasshoppers Festival (2019., 2021. \u2013 2023.) u irskom Balbrigganu).<\/p><div class=\"wp-block-media-text has-media-on-the-right is-stacked-on-mobile is-vertically-aligned-top\"><div class=\"wp-block-media-text__content\"><p><strong>Naziv i logo naklade Speravi<\/strong><br>Svoje ime i vizualni identitet naklada Speravi mo\u017ee zahvaliti bl. Alojziju Stepincu, na \u010dijem se liku i djelu Valentina posebno nadahnjuje. Izraz <em>Speravi<\/em> preuzet je iz njegova biskupskoga gesla, a latinski je oblik hrvatskoga zna\u010denja \u201euzdam se, uzdati se&#8221;. Sredi\u0161te loga \u010dine dva kanarinca (neki od ku\u0107nih ljubimaca koje je Kardinal za \u017eivota imao). Na glavama nose hrvatske tradicijske kape (li\u010dku kapu i slavonski \u0161e\u0161ir), slobodni su na grani, a okru\u017eeni lepoglavskom \u010dipkom. U dnu loga je naziv naklade ispisan na glagoljici. <\/p><\/div><figure class=\"wp-block-media-text__media\"><img loading=\"lazy\" decoding=\"async\" width=\"695\" height=\"688\" src=\"https:\/\/speravi.com.hr\/wp-content\/uploads\/2024\/09\/Speravi-logo.jpg\" alt=\"\" class=\"wp-image-89 size-full\" srcset=\"https:\/\/speravi.com.hr\/wp-content\/uploads\/2024\/09\/Speravi-logo.jpg 695w, https:\/\/speravi.com.hr\/wp-content\/uploads\/2024\/09\/Speravi-logo-300x297.jpg 300w, https:\/\/speravi.com.hr\/wp-content\/uploads\/2024\/09\/Speravi-logo-600x594.jpg 600w, https:\/\/speravi.com.hr\/wp-content\/uploads\/2024\/09\/Speravi-logo-100x100.jpg 100w\" sizes=\"auto, (max-width: 695px) 100vw, 695px\" \/><\/figure><\/div>","protected":false},"excerpt":{"rendered":"<p>Na\u0161e nadahnu\u0107e i cilj\u010covjek koji istinski poznaje sebe, mo\u017ee istinski voljeti drugoga. \u010covjek koji poznaje vlastitu vrijednost i dostojanstvo, \u010dovjek je koji mo\u017ee cijeniti dostojanstvo i vrijednost drugoga, \u010dak i kada je taj drugi od njega druga\u010diji. Takvog \u010dovjeka \u017eelimo poku\u0161ati pomo\u0107i oblikovati svakom svojom rije\u010dju, pri\u010dom, ilustracijom i svime \u0161to \u010dinimo. Stvaramo pri\u010de koje [&hellip;]<\/p>\n","protected":false},"author":1,"featured_media":0,"parent":0,"menu_order":0,"comment_status":"closed","ping_status":"closed","template":"","meta":{"footnotes":""},"class_list":["post-235","page","type-page","status-publish","hentry"],"yoast_head":"<!-- This site is optimized with the Yoast SEO plugin v23.4 - https:\/\/yoast.com\/wordpress\/plugins\/seo\/ -->\n<title>TKO SMO? - Speravi<\/title>\n<meta name=\"robots\" content=\"index, follow, max-snippet:-1, max-image-preview:large, max-video-preview:-1\" \/>\n<link rel=\"canonical\" href=\"https:\/\/speravi.com.hr\/index.php\/tko-smo-2\/\" \/>\n<meta property=\"og:locale\" content=\"hr_HR\" \/>\n<meta property=\"og:type\" content=\"article\" \/>\n<meta property=\"og:title\" content=\"TKO SMO? - Speravi\" \/>\n<meta property=\"og:description\" content=\"Na\u0161e nadahnu\u0107e i cilj\u010covjek koji istinski poznaje sebe, mo\u017ee istinski voljeti drugoga. \u010covjek koji poznaje vlastitu vrijednost i dostojanstvo, \u010dovjek je koji mo\u017ee cijeniti dostojanstvo i vrijednost drugoga, \u010dak i kada je taj drugi od njega druga\u010diji. Takvog \u010dovjeka \u017eelimo poku\u0161ati pomo\u0107i oblikovati svakom svojom rije\u010dju, pri\u010dom, ilustracijom i svime \u0161to \u010dinimo. Stvaramo pri\u010de koje [&hellip;]\" \/>\n<meta property=\"og:url\" content=\"https:\/\/speravi.com.hr\/index.php\/tko-smo-2\/\" \/>\n<meta property=\"og:site_name\" content=\"Speravi\" \/>\n<meta property=\"article:modified_time\" content=\"2025-09-16T14:58:58+00:00\" \/>\n<meta property=\"og:image\" content=\"https:\/\/speravi.com.hr\/wp-content\/uploads\/2024\/11\/pocetak-karijere-869x1024.jpg\" \/>\n<meta name=\"twitter:card\" content=\"summary_large_image\" \/>\n<meta name=\"twitter:label1\" content=\"Procijenjeno vrijeme \u010ditanja\" \/>\n\t<meta name=\"twitter:data1\" content=\"9 minuta\" \/>\n<script type=\"application\/ld+json\" class=\"yoast-schema-graph\">{\"@context\":\"https:\/\/schema.org\",\"@graph\":[{\"@type\":\"WebPage\",\"@id\":\"https:\/\/speravi.com.hr\/index.php\/tko-smo-2\/\",\"url\":\"https:\/\/speravi.com.hr\/index.php\/tko-smo-2\/\",\"name\":\"TKO SMO? - Speravi\",\"isPartOf\":{\"@id\":\"https:\/\/speravi.com.hr\/#website\"},\"primaryImageOfPage\":{\"@id\":\"https:\/\/speravi.com.hr\/index.php\/tko-smo-2\/#primaryimage\"},\"image\":{\"@id\":\"https:\/\/speravi.com.hr\/index.php\/tko-smo-2\/#primaryimage\"},\"thumbnailUrl\":\"https:\/\/speravi.com.hr\/wp-content\/uploads\/2024\/11\/pocetak-karijere-869x1024.jpg\",\"datePublished\":\"2024-11-07T16:47:40+00:00\",\"dateModified\":\"2025-09-16T14:58:58+00:00\",\"breadcrumb\":{\"@id\":\"https:\/\/speravi.com.hr\/index.php\/tko-smo-2\/#breadcrumb\"},\"inLanguage\":\"hr\",\"potentialAction\":[{\"@type\":\"ReadAction\",\"target\":[\"https:\/\/speravi.com.hr\/index.php\/tko-smo-2\/\"]}]},{\"@type\":\"ImageObject\",\"inLanguage\":\"hr\",\"@id\":\"https:\/\/speravi.com.hr\/index.php\/tko-smo-2\/#primaryimage\",\"url\":\"https:\/\/speravi.com.hr\/wp-content\/uploads\/2024\/11\/pocetak-karijere.jpg\",\"contentUrl\":\"https:\/\/speravi.com.hr\/wp-content\/uploads\/2024\/11\/pocetak-karijere.jpg\",\"width\":1531,\"height\":1804,\"caption\":\"Hisilicon Balong\"},{\"@type\":\"BreadcrumbList\",\"@id\":\"https:\/\/speravi.com.hr\/index.php\/tko-smo-2\/#breadcrumb\",\"itemListElement\":[{\"@type\":\"ListItem\",\"position\":1,\"name\":\"Po\u010detna stranica\",\"item\":\"https:\/\/speravi.com.hr\/\"},{\"@type\":\"ListItem\",\"position\":2,\"name\":\"TKO SMO?\"}]},{\"@type\":\"WebSite\",\"@id\":\"https:\/\/speravi.com.hr\/#website\",\"url\":\"https:\/\/speravi.com.hr\/\",\"name\":\"Speravi\",\"description\":\"U\u010dimo malene da su istinski veliki.\",\"publisher\":{\"@id\":\"https:\/\/speravi.com.hr\/#organization\"},\"potentialAction\":[{\"@type\":\"SearchAction\",\"target\":{\"@type\":\"EntryPoint\",\"urlTemplate\":\"https:\/\/speravi.com.hr\/?s={search_term_string}\"},\"query-input\":{\"@type\":\"PropertyValueSpecification\",\"valueRequired\":true,\"valueName\":\"search_term_string\"}}],\"inLanguage\":\"hr\"},{\"@type\":\"Organization\",\"@id\":\"https:\/\/speravi.com.hr\/#organization\",\"name\":\"Speravi\",\"url\":\"https:\/\/speravi.com.hr\/\",\"logo\":{\"@type\":\"ImageObject\",\"inLanguage\":\"hr\",\"@id\":\"https:\/\/speravi.com.hr\/#\/schema\/logo\/image\/\",\"url\":\"https:\/\/speravi.com.hr\/wp-content\/uploads\/2024\/09\/Speravi-logo.jpg\",\"contentUrl\":\"https:\/\/speravi.com.hr\/wp-content\/uploads\/2024\/09\/Speravi-logo.jpg\",\"width\":695,\"height\":688,\"caption\":\"Speravi\"},\"image\":{\"@id\":\"https:\/\/speravi.com.hr\/#\/schema\/logo\/image\/\"}}]}<\/script>\n<!-- \/ Yoast SEO plugin. -->","yoast_head_json":{"title":"TKO SMO? - Speravi","robots":{"index":"index","follow":"follow","max-snippet":"max-snippet:-1","max-image-preview":"max-image-preview:large","max-video-preview":"max-video-preview:-1"},"canonical":"https:\/\/speravi.com.hr\/index.php\/tko-smo-2\/","og_locale":"hr_HR","og_type":"article","og_title":"TKO SMO? - Speravi","og_description":"Na\u0161e nadahnu\u0107e i cilj\u010covjek koji istinski poznaje sebe, mo\u017ee istinski voljeti drugoga. \u010covjek koji poznaje vlastitu vrijednost i dostojanstvo, \u010dovjek je koji mo\u017ee cijeniti dostojanstvo i vrijednost drugoga, \u010dak i kada je taj drugi od njega druga\u010diji. Takvog \u010dovjeka \u017eelimo poku\u0161ati pomo\u0107i oblikovati svakom svojom rije\u010dju, pri\u010dom, ilustracijom i svime \u0161to \u010dinimo. Stvaramo pri\u010de koje [&hellip;]","og_url":"https:\/\/speravi.com.hr\/index.php\/tko-smo-2\/","og_site_name":"Speravi","article_modified_time":"2025-09-16T14:58:58+00:00","og_image":[{"url":"https:\/\/speravi.com.hr\/wp-content\/uploads\/2024\/11\/pocetak-karijere-869x1024.jpg"}],"twitter_card":"summary_large_image","twitter_misc":{"Procijenjeno vrijeme \u010ditanja":"9 minuta"},"schema":{"@context":"https:\/\/schema.org","@graph":[{"@type":"WebPage","@id":"https:\/\/speravi.com.hr\/index.php\/tko-smo-2\/","url":"https:\/\/speravi.com.hr\/index.php\/tko-smo-2\/","name":"TKO SMO? - Speravi","isPartOf":{"@id":"https:\/\/speravi.com.hr\/#website"},"primaryImageOfPage":{"@id":"https:\/\/speravi.com.hr\/index.php\/tko-smo-2\/#primaryimage"},"image":{"@id":"https:\/\/speravi.com.hr\/index.php\/tko-smo-2\/#primaryimage"},"thumbnailUrl":"https:\/\/speravi.com.hr\/wp-content\/uploads\/2024\/11\/pocetak-karijere-869x1024.jpg","datePublished":"2024-11-07T16:47:40+00:00","dateModified":"2025-09-16T14:58:58+00:00","breadcrumb":{"@id":"https:\/\/speravi.com.hr\/index.php\/tko-smo-2\/#breadcrumb"},"inLanguage":"hr","potentialAction":[{"@type":"ReadAction","target":["https:\/\/speravi.com.hr\/index.php\/tko-smo-2\/"]}]},{"@type":"ImageObject","inLanguage":"hr","@id":"https:\/\/speravi.com.hr\/index.php\/tko-smo-2\/#primaryimage","url":"https:\/\/speravi.com.hr\/wp-content\/uploads\/2024\/11\/pocetak-karijere.jpg","contentUrl":"https:\/\/speravi.com.hr\/wp-content\/uploads\/2024\/11\/pocetak-karijere.jpg","width":1531,"height":1804,"caption":"Hisilicon Balong"},{"@type":"BreadcrumbList","@id":"https:\/\/speravi.com.hr\/index.php\/tko-smo-2\/#breadcrumb","itemListElement":[{"@type":"ListItem","position":1,"name":"Po\u010detna stranica","item":"https:\/\/speravi.com.hr\/"},{"@type":"ListItem","position":2,"name":"TKO SMO?"}]},{"@type":"WebSite","@id":"https:\/\/speravi.com.hr\/#website","url":"https:\/\/speravi.com.hr\/","name":"Speravi","description":"U\u010dimo malene da su istinski veliki.","publisher":{"@id":"https:\/\/speravi.com.hr\/#organization"},"potentialAction":[{"@type":"SearchAction","target":{"@type":"EntryPoint","urlTemplate":"https:\/\/speravi.com.hr\/?s={search_term_string}"},"query-input":{"@type":"PropertyValueSpecification","valueRequired":true,"valueName":"search_term_string"}}],"inLanguage":"hr"},{"@type":"Organization","@id":"https:\/\/speravi.com.hr\/#organization","name":"Speravi","url":"https:\/\/speravi.com.hr\/","logo":{"@type":"ImageObject","inLanguage":"hr","@id":"https:\/\/speravi.com.hr\/#\/schema\/logo\/image\/","url":"https:\/\/speravi.com.hr\/wp-content\/uploads\/2024\/09\/Speravi-logo.jpg","contentUrl":"https:\/\/speravi.com.hr\/wp-content\/uploads\/2024\/09\/Speravi-logo.jpg","width":695,"height":688,"caption":"Speravi"},"image":{"@id":"https:\/\/speravi.com.hr\/#\/schema\/logo\/image\/"}}]}},"_links":{"self":[{"href":"https:\/\/speravi.com.hr\/index.php\/wp-json\/wp\/v2\/pages\/235","targetHints":{"allow":["GET"]}}],"collection":[{"href":"https:\/\/speravi.com.hr\/index.php\/wp-json\/wp\/v2\/pages"}],"about":[{"href":"https:\/\/speravi.com.hr\/index.php\/wp-json\/wp\/v2\/types\/page"}],"author":[{"embeddable":true,"href":"https:\/\/speravi.com.hr\/index.php\/wp-json\/wp\/v2\/users\/1"}],"replies":[{"embeddable":true,"href":"https:\/\/speravi.com.hr\/index.php\/wp-json\/wp\/v2\/comments?post=235"}],"version-history":[{"count":8,"href":"https:\/\/speravi.com.hr\/index.php\/wp-json\/wp\/v2\/pages\/235\/revisions"}],"predecessor-version":[{"id":506,"href":"https:\/\/speravi.com.hr\/index.php\/wp-json\/wp\/v2\/pages\/235\/revisions\/506"}],"wp:attachment":[{"href":"https:\/\/speravi.com.hr\/index.php\/wp-json\/wp\/v2\/media?parent=235"}],"curies":[{"name":"wp","href":"https:\/\/api.w.org\/{rel}","templated":true}]}}