{"id":238,"date":"2024-11-07T17:19:42","date_gmt":"2024-11-07T17:19:42","guid":{"rendered":"https:\/\/speravi.com.hr\/?page_id=238"},"modified":"2025-02-12T22:21:59","modified_gmt":"2025-02-12T22:21:59","slug":"u-pripremi","status":"publish","type":"page","link":"https:\/\/speravi.com.hr\/index.php\/u-pripremi\/","title":{"rendered":"U PRIPREMI"},"content":{"rendered":"<div class=\"wp-block-media-text is-stacked-on-mobile is-vertically-aligned-top\"><figure class=\"wp-block-media-text__media\"><img loading=\"lazy\" decoding=\"async\" width=\"633\" height=\"445\" src=\"https:\/\/speravi.com.hr\/wp-content\/uploads\/2025\/02\/Screenshot_20250212_231717.jpg\" alt=\"\" class=\"wp-image-435 size-full\" srcset=\"https:\/\/speravi.com.hr\/wp-content\/uploads\/2025\/02\/Screenshot_20250212_231717.jpg 633w, https:\/\/speravi.com.hr\/wp-content\/uploads\/2025\/02\/Screenshot_20250212_231717-300x211.jpg 300w, https:\/\/speravi.com.hr\/wp-content\/uploads\/2025\/02\/Screenshot_20250212_231717-600x422.jpg 600w\" sizes=\"auto, (max-width: 633px) 100vw, 633px\" \/><\/figure><div class=\"wp-block-media-text__content\"><p class=\"has-text-align-left\"><strong><em>Ovca Crno\u017emiga<\/em>  <\/strong>prvo je Speravijevo izdanje koje pri\u010du o hrvatskoj prirodnoj i kulturnoj ba\u0161tini pripovijeda djeci starijoj od 5 godina. Zgode i nezgode ovce \u0161arene vune koja se na\u0111e u svojoj prvoj sezonskoj ispa\u0161i na obroncima Velebita upoznat \u0107e \u010ditatelje s ljepotama nacionalnih parkova Paklenica i Sjeverni Velebit, ali im i ispri\u010dati prvi dio pri\u010de o prijateljstvu, upornosti i ljubavi. Ta \u0107e se pri\u010da nastaviti i u novim nastavcima Crno\u017emiginih avantura, koji \u0107e nas postupno upoznati sa svim hrvatskim nacionalnim parkovima. Usko\u010dite u pustolovinu, upoznajte Crno\u017emigu i prva dva nacionalna parka. <\/p><\/div><\/div>","protected":false},"excerpt":{"rendered":"<p>Ovca Crno\u017emiga prvo je Speravijevo izdanje koje pri\u010du o hrvatskoj prirodnoj i kulturnoj ba\u0161tini pripovijeda djeci starijoj od 5 godina. Zgode i nezgode ovce \u0161arene vune koja se na\u0111e u svojoj prvoj sezonskoj ispa\u0161i na obroncima Velebita upoznat \u0107e \u010ditatelje s ljepotama nacionalnih parkova Paklenica i Sjeverni Velebit, ali im i ispri\u010dati prvi dio pri\u010de [&hellip;]<\/p>\n","protected":false},"author":1,"featured_media":0,"parent":0,"menu_order":0,"comment_status":"closed","ping_status":"closed","template":"","meta":{"footnotes":""},"class_list":["post-238","page","type-page","status-publish","hentry"],"yoast_head":"<!-- This site is optimized with the Yoast SEO plugin v23.4 - https:\/\/yoast.com\/wordpress\/plugins\/seo\/ -->\n<title>U PRIPREMI - Speravi<\/title>\n<meta name=\"robots\" content=\"index, follow, max-snippet:-1, max-image-preview:large, max-video-preview:-1\" \/>\n<link rel=\"canonical\" href=\"https:\/\/speravi.com.hr\/index.php\/u-pripremi\/\" \/>\n<meta property=\"og:locale\" content=\"hr_HR\" \/>\n<meta property=\"og:type\" content=\"article\" \/>\n<meta property=\"og:title\" content=\"U PRIPREMI - Speravi\" \/>\n<meta property=\"og:description\" content=\"Ovca Crno\u017emiga prvo je Speravijevo izdanje koje pri\u010du o hrvatskoj prirodnoj i kulturnoj ba\u0161tini pripovijeda djeci starijoj od 5 godina. Zgode i nezgode ovce \u0161arene vune koja se na\u0111e u svojoj prvoj sezonskoj ispa\u0161i na obroncima Velebita upoznat \u0107e \u010ditatelje s ljepotama nacionalnih parkova Paklenica i Sjeverni Velebit, ali im i ispri\u010dati prvi dio pri\u010de [&hellip;]\" \/>\n<meta property=\"og:url\" content=\"https:\/\/speravi.com.hr\/index.php\/u-pripremi\/\" \/>\n<meta property=\"og:site_name\" content=\"Speravi\" \/>\n<meta property=\"article:modified_time\" content=\"2025-02-12T22:21:59+00:00\" \/>\n<meta property=\"og:image\" content=\"https:\/\/speravi.com.hr\/wp-content\/uploads\/2025\/02\/Screenshot_20250212_231717.jpg\" \/>\n<meta name=\"twitter:card\" content=\"summary_large_image\" \/>\n<meta name=\"twitter:label1\" content=\"Procijenjeno vrijeme \u010ditanja\" \/>\n\t<meta name=\"twitter:data1\" content=\"1 minuta\" \/>\n<script type=\"application\/ld+json\" class=\"yoast-schema-graph\">{\"@context\":\"https:\/\/schema.org\",\"@graph\":[{\"@type\":\"WebPage\",\"@id\":\"https:\/\/speravi.com.hr\/index.php\/u-pripremi\/\",\"url\":\"https:\/\/speravi.com.hr\/index.php\/u-pripremi\/\",\"name\":\"U PRIPREMI - Speravi\",\"isPartOf\":{\"@id\":\"https:\/\/speravi.com.hr\/#website\"},\"primaryImageOfPage\":{\"@id\":\"https:\/\/speravi.com.hr\/index.php\/u-pripremi\/#primaryimage\"},\"image\":{\"@id\":\"https:\/\/speravi.com.hr\/index.php\/u-pripremi\/#primaryimage\"},\"thumbnailUrl\":\"https:\/\/speravi.com.hr\/wp-content\/uploads\/2025\/02\/Screenshot_20250212_231717.jpg\",\"datePublished\":\"2024-11-07T17:19:42+00:00\",\"dateModified\":\"2025-02-12T22:21:59+00:00\",\"breadcrumb\":{\"@id\":\"https:\/\/speravi.com.hr\/index.php\/u-pripremi\/#breadcrumb\"},\"inLanguage\":\"hr\",\"potentialAction\":[{\"@type\":\"ReadAction\",\"target\":[\"https:\/\/speravi.com.hr\/index.php\/u-pripremi\/\"]}]},{\"@type\":\"ImageObject\",\"inLanguage\":\"hr\",\"@id\":\"https:\/\/speravi.com.hr\/index.php\/u-pripremi\/#primaryimage\",\"url\":\"https:\/\/speravi.com.hr\/wp-content\/uploads\/2025\/02\/Screenshot_20250212_231717.jpg\",\"contentUrl\":\"https:\/\/speravi.com.hr\/wp-content\/uploads\/2025\/02\/Screenshot_20250212_231717.jpg\",\"width\":633,\"height\":445},{\"@type\":\"BreadcrumbList\",\"@id\":\"https:\/\/speravi.com.hr\/index.php\/u-pripremi\/#breadcrumb\",\"itemListElement\":[{\"@type\":\"ListItem\",\"position\":1,\"name\":\"Po\u010detna stranica\",\"item\":\"https:\/\/speravi.com.hr\/\"},{\"@type\":\"ListItem\",\"position\":2,\"name\":\"U PRIPREMI\"}]},{\"@type\":\"WebSite\",\"@id\":\"https:\/\/speravi.com.hr\/#website\",\"url\":\"https:\/\/speravi.com.hr\/\",\"name\":\"Speravi\",\"description\":\"U\u010dimo malene da su istinski veliki.\",\"publisher\":{\"@id\":\"https:\/\/speravi.com.hr\/#organization\"},\"potentialAction\":[{\"@type\":\"SearchAction\",\"target\":{\"@type\":\"EntryPoint\",\"urlTemplate\":\"https:\/\/speravi.com.hr\/?s={search_term_string}\"},\"query-input\":{\"@type\":\"PropertyValueSpecification\",\"valueRequired\":true,\"valueName\":\"search_term_string\"}}],\"inLanguage\":\"hr\"},{\"@type\":\"Organization\",\"@id\":\"https:\/\/speravi.com.hr\/#organization\",\"name\":\"Speravi\",\"url\":\"https:\/\/speravi.com.hr\/\",\"logo\":{\"@type\":\"ImageObject\",\"inLanguage\":\"hr\",\"@id\":\"https:\/\/speravi.com.hr\/#\/schema\/logo\/image\/\",\"url\":\"https:\/\/speravi.com.hr\/wp-content\/uploads\/2024\/09\/Speravi-logo.jpg\",\"contentUrl\":\"https:\/\/speravi.com.hr\/wp-content\/uploads\/2024\/09\/Speravi-logo.jpg\",\"width\":695,\"height\":688,\"caption\":\"Speravi\"},\"image\":{\"@id\":\"https:\/\/speravi.com.hr\/#\/schema\/logo\/image\/\"}}]}<\/script>\n<!-- \/ Yoast SEO plugin. -->","yoast_head_json":{"title":"U PRIPREMI - Speravi","robots":{"index":"index","follow":"follow","max-snippet":"max-snippet:-1","max-image-preview":"max-image-preview:large","max-video-preview":"max-video-preview:-1"},"canonical":"https:\/\/speravi.com.hr\/index.php\/u-pripremi\/","og_locale":"hr_HR","og_type":"article","og_title":"U PRIPREMI - Speravi","og_description":"Ovca Crno\u017emiga prvo je Speravijevo izdanje koje pri\u010du o hrvatskoj prirodnoj i kulturnoj ba\u0161tini pripovijeda djeci starijoj od 5 godina. Zgode i nezgode ovce \u0161arene vune koja se na\u0111e u svojoj prvoj sezonskoj ispa\u0161i na obroncima Velebita upoznat \u0107e \u010ditatelje s ljepotama nacionalnih parkova Paklenica i Sjeverni Velebit, ali im i ispri\u010dati prvi dio pri\u010de [&hellip;]","og_url":"https:\/\/speravi.com.hr\/index.php\/u-pripremi\/","og_site_name":"Speravi","article_modified_time":"2025-02-12T22:21:59+00:00","og_image":[{"url":"https:\/\/speravi.com.hr\/wp-content\/uploads\/2025\/02\/Screenshot_20250212_231717.jpg"}],"twitter_card":"summary_large_image","twitter_misc":{"Procijenjeno vrijeme \u010ditanja":"1 minuta"},"schema":{"@context":"https:\/\/schema.org","@graph":[{"@type":"WebPage","@id":"https:\/\/speravi.com.hr\/index.php\/u-pripremi\/","url":"https:\/\/speravi.com.hr\/index.php\/u-pripremi\/","name":"U PRIPREMI - Speravi","isPartOf":{"@id":"https:\/\/speravi.com.hr\/#website"},"primaryImageOfPage":{"@id":"https:\/\/speravi.com.hr\/index.php\/u-pripremi\/#primaryimage"},"image":{"@id":"https:\/\/speravi.com.hr\/index.php\/u-pripremi\/#primaryimage"},"thumbnailUrl":"https:\/\/speravi.com.hr\/wp-content\/uploads\/2025\/02\/Screenshot_20250212_231717.jpg","datePublished":"2024-11-07T17:19:42+00:00","dateModified":"2025-02-12T22:21:59+00:00","breadcrumb":{"@id":"https:\/\/speravi.com.hr\/index.php\/u-pripremi\/#breadcrumb"},"inLanguage":"hr","potentialAction":[{"@type":"ReadAction","target":["https:\/\/speravi.com.hr\/index.php\/u-pripremi\/"]}]},{"@type":"ImageObject","inLanguage":"hr","@id":"https:\/\/speravi.com.hr\/index.php\/u-pripremi\/#primaryimage","url":"https:\/\/speravi.com.hr\/wp-content\/uploads\/2025\/02\/Screenshot_20250212_231717.jpg","contentUrl":"https:\/\/speravi.com.hr\/wp-content\/uploads\/2025\/02\/Screenshot_20250212_231717.jpg","width":633,"height":445},{"@type":"BreadcrumbList","@id":"https:\/\/speravi.com.hr\/index.php\/u-pripremi\/#breadcrumb","itemListElement":[{"@type":"ListItem","position":1,"name":"Po\u010detna stranica","item":"https:\/\/speravi.com.hr\/"},{"@type":"ListItem","position":2,"name":"U PRIPREMI"}]},{"@type":"WebSite","@id":"https:\/\/speravi.com.hr\/#website","url":"https:\/\/speravi.com.hr\/","name":"Speravi","description":"U\u010dimo malene da su istinski veliki.","publisher":{"@id":"https:\/\/speravi.com.hr\/#organization"},"potentialAction":[{"@type":"SearchAction","target":{"@type":"EntryPoint","urlTemplate":"https:\/\/speravi.com.hr\/?s={search_term_string}"},"query-input":{"@type":"PropertyValueSpecification","valueRequired":true,"valueName":"search_term_string"}}],"inLanguage":"hr"},{"@type":"Organization","@id":"https:\/\/speravi.com.hr\/#organization","name":"Speravi","url":"https:\/\/speravi.com.hr\/","logo":{"@type":"ImageObject","inLanguage":"hr","@id":"https:\/\/speravi.com.hr\/#\/schema\/logo\/image\/","url":"https:\/\/speravi.com.hr\/wp-content\/uploads\/2024\/09\/Speravi-logo.jpg","contentUrl":"https:\/\/speravi.com.hr\/wp-content\/uploads\/2024\/09\/Speravi-logo.jpg","width":695,"height":688,"caption":"Speravi"},"image":{"@id":"https:\/\/speravi.com.hr\/#\/schema\/logo\/image\/"}}]}},"_links":{"self":[{"href":"https:\/\/speravi.com.hr\/index.php\/wp-json\/wp\/v2\/pages\/238","targetHints":{"allow":["GET"]}}],"collection":[{"href":"https:\/\/speravi.com.hr\/index.php\/wp-json\/wp\/v2\/pages"}],"about":[{"href":"https:\/\/speravi.com.hr\/index.php\/wp-json\/wp\/v2\/types\/page"}],"author":[{"embeddable":true,"href":"https:\/\/speravi.com.hr\/index.php\/wp-json\/wp\/v2\/users\/1"}],"replies":[{"embeddable":true,"href":"https:\/\/speravi.com.hr\/index.php\/wp-json\/wp\/v2\/comments?post=238"}],"version-history":[{"count":2,"href":"https:\/\/speravi.com.hr\/index.php\/wp-json\/wp\/v2\/pages\/238\/revisions"}],"predecessor-version":[{"id":436,"href":"https:\/\/speravi.com.hr\/index.php\/wp-json\/wp\/v2\/pages\/238\/revisions\/436"}],"wp:attachment":[{"href":"https:\/\/speravi.com.hr\/index.php\/wp-json\/wp\/v2\/media?parent=238"}],"curies":[{"name":"wp","href":"https:\/\/api.w.org\/{rel}","templated":true}]}}