{"id":475,"date":"2025-07-22T15:53:26","date_gmt":"2025-07-22T15:53:26","guid":{"rendered":"https:\/\/speravi.com.hr\/?page_id=475"},"modified":"2025-09-16T15:05:14","modified_gmt":"2025-09-16T15:05:14","slug":"radionice-prpovijedanja-speravi-hrvatska-kultura-slikovnice","status":"publish","type":"page","link":"https:\/\/speravi.com.hr\/index.php\/radionice-prpovijedanja-speravi-hrvatska-kultura-slikovnice\/","title":{"rendered":"RADIONICE PRPOVIJEDANJA"},"content":{"rendered":"<p>Speravi razvija i provodi koncept interaktivnih radionica pripovijedanja <em>Pri\u010da za svako dijete.<\/em><\/p><p><strong>Kako se radionice provode i koji im je cilj?<\/strong><br>Radionice se provode na dva na\u010dina. Cilj im je djeci redovnog razvoja i djeci s te\u0161ko\u0107ama, primjereno dobi i sposobnostima, omogu\u0107iti dublje razumijevanje knji\u017eevno-dramskog izraza, promi\u0161ljanje o hrvatskoj kulturnoj (i vjerskoj) ba\u0161tini, ali i va\u017enosti vr\u0161nja\u010dke uklju\u010divosti te prihva\u0107anja sebe i drugih.<\/p><p><br><strong>1. \u010citanje pri\u010da tijekom gostovanja u \u0161kolama i vrti\u0107ima<\/strong><\/p><p>Ove radionice uklju\u010duju interaktivno \u010ditanje pri\u010de primjereno dobi slu\u0161atelja, nakon kojeg slijedi dru\u017eenje knji\u017eevnice Valentine s djecom. Tom prilikom mladi slu\u0161atelji imaju priliku postaviti knji\u017eevnici pitanja o pri\u010di koju su slu\u0161ali, ali i op\u0107enito o knji\u017eevnosti, pisanju i izdava\u0161tvu. Tako\u0111er, Valentina im tom prilikom ka\u017ee nekoliko rije\u010di o svom \u017eivotu, invaliditetu i va\u017enosti inkluzije me\u0111u vr\u0161njacima, pa radionice imaju i odgojno-preventivni karakter. Cijena programa dogovara se s ravnateljima \u0161kola i vrti\u0107a, a ve\u0107 je uspje\u0161no odr\u017ean u vi\u0161e odgojno-obrazovnih ustanova.<\/p><p><strong>2.<\/strong> <strong>\u010citanje pri\u010da uz dramske i interaktivne elemente namijenjeno djeci s te\u0161ko\u0107ama i djeci korisnicima socijalnih i zdravstvenih ustanova<\/strong><\/p><p>U ove radionice mo\u017eete se uklju\u010diti i Vi tako \u0161to \u0107ete kupiti neko od na\u0161ih izdanja uz naznaku <em>Pri\u010da za svako dijete.<\/em> Tako naru\u010denu i pla\u0107enu slikovnicu ne dobivate Vi, nego je donirate djetetu korisniku neke od navedenih institucija, prema izboru autorice. Po zavr\u0161etku aktivnosti primit \u0107ete Valentinin izvje\u0161taj o odabranoj i odr\u017eanoj radionici koju ste omogu\u0107ili kupnjom slikovnice. Ako imate prijedlog odre\u0111ene ustanove\/udruge \u010diji bi se korisnici obradovali ovakvoj aktivnosti, radosno se javite Valentini i dogovorite gostovanje uz kupnju odre\u0111enog broja slikovnica koje \u0107e tijekom posjeta biti podijeljene djeci.<\/p><figure class=\"wp-block-gallery has-nested-images columns-default is-cropped wp-block-gallery-1 is-layout-flex wp-block-gallery-is-layout-flex\"><figure class=\"wp-block-image size-large\"><img loading=\"lazy\" decoding=\"async\" width=\"768\" height=\"1024\" data-id=\"479\" src=\"https:\/\/speravi.com.hr\/wp-content\/uploads\/2025\/07\/radionice-1-768x1024.jpg\" alt=\"\" class=\"wp-image-479\" srcset=\"https:\/\/speravi.com.hr\/wp-content\/uploads\/2025\/07\/radionice-1-768x1024.jpg 768w, https:\/\/speravi.com.hr\/wp-content\/uploads\/2025\/07\/radionice-1-225x300.jpg 225w, https:\/\/speravi.com.hr\/wp-content\/uploads\/2025\/07\/radionice-1-1152x1536.jpg 1152w, https:\/\/speravi.com.hr\/wp-content\/uploads\/2025\/07\/radionice-1-600x800.jpg 600w, https:\/\/speravi.com.hr\/wp-content\/uploads\/2025\/07\/radionice-1.jpg 1536w\" sizes=\"auto, (max-width: 768px) 100vw, 768px\" \/><\/figure>\n\n<figure class=\"wp-block-image size-large\"><img loading=\"lazy\" decoding=\"async\" width=\"1024\" height=\"768\" data-id=\"480\" src=\"https:\/\/speravi.com.hr\/wp-content\/uploads\/2025\/07\/radionice-2-1024x768.jpg\" alt=\"\" class=\"wp-image-480\" srcset=\"https:\/\/speravi.com.hr\/wp-content\/uploads\/2025\/07\/radionice-2-1024x768.jpg 1024w, https:\/\/speravi.com.hr\/wp-content\/uploads\/2025\/07\/radionice-2-300x225.jpg 300w, https:\/\/speravi.com.hr\/wp-content\/uploads\/2025\/07\/radionice-2-768x576.jpg 768w, https:\/\/speravi.com.hr\/wp-content\/uploads\/2025\/07\/radionice-2-1536x1152.jpg 1536w, https:\/\/speravi.com.hr\/wp-content\/uploads\/2025\/07\/radionice-2-600x450.jpg 600w, https:\/\/speravi.com.hr\/wp-content\/uploads\/2025\/07\/radionice-2.jpg 2048w\" sizes=\"auto, (max-width: 1024px) 100vw, 1024px\" \/><\/figure>\n\n<figure class=\"wp-block-image size-large\"><img loading=\"lazy\" decoding=\"async\" width=\"705\" height=\"1024\" data-id=\"481\" src=\"https:\/\/speravi.com.hr\/wp-content\/uploads\/2025\/07\/radionice-3-705x1024.jpg\" alt=\"\" class=\"wp-image-481\" srcset=\"https:\/\/speravi.com.hr\/wp-content\/uploads\/2025\/07\/radionice-3-705x1024.jpg 705w, https:\/\/speravi.com.hr\/wp-content\/uploads\/2025\/07\/radionice-3-207x300.jpg 207w, https:\/\/speravi.com.hr\/wp-content\/uploads\/2025\/07\/radionice-3-768x1115.jpg 768w, https:\/\/speravi.com.hr\/wp-content\/uploads\/2025\/07\/radionice-3-1058x1536.jpg 1058w, https:\/\/speravi.com.hr\/wp-content\/uploads\/2025\/07\/radionice-3-600x871.jpg 600w, https:\/\/speravi.com.hr\/wp-content\/uploads\/2025\/07\/radionice-3.jpg 1147w\" sizes=\"auto, (max-width: 705px) 100vw, 705px\" \/><\/figure>\n\n<figure class=\"wp-block-image size-large\"><img loading=\"lazy\" decoding=\"async\" width=\"766\" height=\"1024\" data-id=\"442\" src=\"https:\/\/speravi.com.hr\/wp-content\/uploads\/2025\/02\/IMG-20250207-WA0001-766x1024.jpg\" alt=\"\" class=\"wp-image-442\" srcset=\"https:\/\/speravi.com.hr\/wp-content\/uploads\/2025\/02\/IMG-20250207-WA0001-766x1024.jpg 766w, https:\/\/speravi.com.hr\/wp-content\/uploads\/2025\/02\/IMG-20250207-WA0001-224x300.jpg 224w, https:\/\/speravi.com.hr\/wp-content\/uploads\/2025\/02\/IMG-20250207-WA0001-768x1027.jpg 768w, https:\/\/speravi.com.hr\/wp-content\/uploads\/2025\/02\/IMG-20250207-WA0001-1149x1536.jpg 1149w, https:\/\/speravi.com.hr\/wp-content\/uploads\/2025\/02\/IMG-20250207-WA0001-600x802.jpg 600w, https:\/\/speravi.com.hr\/wp-content\/uploads\/2025\/02\/IMG-20250207-WA0001.jpg 1197w\" sizes=\"auto, (max-width: 766px) 100vw, 766px\" \/><\/figure>\n\n<figure class=\"wp-block-image size-large\"><img loading=\"lazy\" decoding=\"async\" width=\"766\" height=\"1024\" data-id=\"440\" src=\"https:\/\/speravi.com.hr\/wp-content\/uploads\/2025\/02\/IMG_20250211_133035-766x1024.jpg\" alt=\"\" class=\"wp-image-440\" srcset=\"https:\/\/speravi.com.hr\/wp-content\/uploads\/2025\/02\/IMG_20250211_133035-766x1024.jpg 766w, https:\/\/speravi.com.hr\/wp-content\/uploads\/2025\/02\/IMG_20250211_133035-224x300.jpg 224w, https:\/\/speravi.com.hr\/wp-content\/uploads\/2025\/02\/IMG_20250211_133035-768x1027.jpg 768w, https:\/\/speravi.com.hr\/wp-content\/uploads\/2025\/02\/IMG_20250211_133035-1149x1536.jpg 1149w, https:\/\/speravi.com.hr\/wp-content\/uploads\/2025\/02\/IMG_20250211_133035-600x802.jpg 600w, https:\/\/speravi.com.hr\/wp-content\/uploads\/2025\/02\/IMG_20250211_133035.jpg 1197w\" sizes=\"auto, (max-width: 766px) 100vw, 766px\" \/><\/figure>\n\n<figure class=\"wp-block-image size-large\"><img loading=\"lazy\" decoding=\"async\" width=\"768\" height=\"1024\" data-id=\"439\" src=\"https:\/\/speravi.com.hr\/wp-content\/uploads\/2025\/02\/IMG_20250211_145755-768x1024.jpg\" alt=\"\" class=\"wp-image-439\" srcset=\"https:\/\/speravi.com.hr\/wp-content\/uploads\/2025\/02\/IMG_20250211_145755-768x1024.jpg 768w, https:\/\/speravi.com.hr\/wp-content\/uploads\/2025\/02\/IMG_20250211_145755-225x300.jpg 225w, https:\/\/speravi.com.hr\/wp-content\/uploads\/2025\/02\/IMG_20250211_145755-1152x1536.jpg 1152w, https:\/\/speravi.com.hr\/wp-content\/uploads\/2025\/02\/IMG_20250211_145755-1536x2048.jpg 1536w, https:\/\/speravi.com.hr\/wp-content\/uploads\/2025\/02\/IMG_20250211_145755-600x800.jpg 600w, https:\/\/speravi.com.hr\/wp-content\/uploads\/2025\/02\/IMG_20250211_145755-scaled.jpg 1920w\" sizes=\"auto, (max-width: 768px) 100vw, 768px\" \/><\/figure><\/figure>","protected":false},"excerpt":{"rendered":"<p>Speravi razvija i provodi koncept interaktivnih radionica pripovijedanja Pri\u010da za svako dijete. Kako se radionice provode i koji im je cilj?Radionice se provode na dva na\u010dina. Cilj im je djeci redovnog razvoja i djeci s te\u0161ko\u0107ama, primjereno dobi i sposobnostima, omogu\u0107iti dublje razumijevanje knji\u017eevno-dramskog izraza, promi\u0161ljanje o hrvatskoj kulturnoj (i vjerskoj) ba\u0161tini, ali i va\u017enosti [&hellip;]<\/p>\n","protected":false},"author":1,"featured_media":0,"parent":0,"menu_order":0,"comment_status":"closed","ping_status":"closed","template":"","meta":{"footnotes":""},"class_list":["post-475","page","type-page","status-publish","hentry"],"yoast_head":"<!-- This site is optimized with the Yoast SEO plugin v23.4 - https:\/\/yoast.com\/wordpress\/plugins\/seo\/ -->\n<title>RADIONICE PRPOVIJEDANJA - Speravi<\/title>\n<meta name=\"robots\" content=\"index, follow, max-snippet:-1, max-image-preview:large, max-video-preview:-1\" \/>\n<link rel=\"canonical\" href=\"https:\/\/speravi.com.hr\/index.php\/radionice-prpovijedanja-speravi-hrvatska-kultura-slikovnice\/\" \/>\n<meta property=\"og:locale\" content=\"hr_HR\" \/>\n<meta property=\"og:type\" content=\"article\" \/>\n<meta property=\"og:title\" content=\"RADIONICE PRPOVIJEDANJA - Speravi\" \/>\n<meta property=\"og:description\" content=\"Speravi razvija i provodi koncept interaktivnih radionica pripovijedanja Pri\u010da za svako dijete. Kako se radionice provode i koji im je cilj?Radionice se provode na dva na\u010dina. Cilj im je djeci redovnog razvoja i djeci s te\u0161ko\u0107ama, primjereno dobi i sposobnostima, omogu\u0107iti dublje razumijevanje knji\u017eevno-dramskog izraza, promi\u0161ljanje o hrvatskoj kulturnoj (i vjerskoj) ba\u0161tini, ali i va\u017enosti [&hellip;]\" \/>\n<meta property=\"og:url\" content=\"https:\/\/speravi.com.hr\/index.php\/radionice-prpovijedanja-speravi-hrvatska-kultura-slikovnice\/\" \/>\n<meta property=\"og:site_name\" content=\"Speravi\" \/>\n<meta property=\"article:modified_time\" content=\"2025-09-16T15:05:14+00:00\" \/>\n<meta property=\"og:image\" content=\"https:\/\/speravi.com.hr\/wp-content\/uploads\/2025\/07\/radionice-1-768x1024.jpg\" \/>\n<meta name=\"twitter:card\" content=\"summary_large_image\" \/>\n<meta name=\"twitter:label1\" content=\"Procijenjeno vrijeme \u010ditanja\" \/>\n\t<meta name=\"twitter:data1\" content=\"3 minute\" \/>\n<script type=\"application\/ld+json\" class=\"yoast-schema-graph\">{\"@context\":\"https:\/\/schema.org\",\"@graph\":[{\"@type\":\"WebPage\",\"@id\":\"https:\/\/speravi.com.hr\/index.php\/radionice-prpovijedanja-speravi-hrvatska-kultura-slikovnice\/\",\"url\":\"https:\/\/speravi.com.hr\/index.php\/radionice-prpovijedanja-speravi-hrvatska-kultura-slikovnice\/\",\"name\":\"RADIONICE PRPOVIJEDANJA - Speravi\",\"isPartOf\":{\"@id\":\"https:\/\/speravi.com.hr\/#website\"},\"primaryImageOfPage\":{\"@id\":\"https:\/\/speravi.com.hr\/index.php\/radionice-prpovijedanja-speravi-hrvatska-kultura-slikovnice\/#primaryimage\"},\"image\":{\"@id\":\"https:\/\/speravi.com.hr\/index.php\/radionice-prpovijedanja-speravi-hrvatska-kultura-slikovnice\/#primaryimage\"},\"thumbnailUrl\":\"https:\/\/speravi.com.hr\/wp-content\/uploads\/2025\/07\/radionice-1-768x1024.jpg\",\"datePublished\":\"2025-07-22T15:53:26+00:00\",\"dateModified\":\"2025-09-16T15:05:14+00:00\",\"breadcrumb\":{\"@id\":\"https:\/\/speravi.com.hr\/index.php\/radionice-prpovijedanja-speravi-hrvatska-kultura-slikovnice\/#breadcrumb\"},\"inLanguage\":\"hr\",\"potentialAction\":[{\"@type\":\"ReadAction\",\"target\":[\"https:\/\/speravi.com.hr\/index.php\/radionice-prpovijedanja-speravi-hrvatska-kultura-slikovnice\/\"]}]},{\"@type\":\"ImageObject\",\"inLanguage\":\"hr\",\"@id\":\"https:\/\/speravi.com.hr\/index.php\/radionice-prpovijedanja-speravi-hrvatska-kultura-slikovnice\/#primaryimage\",\"url\":\"https:\/\/speravi.com.hr\/wp-content\/uploads\/2025\/07\/radionice-1.jpg\",\"contentUrl\":\"https:\/\/speravi.com.hr\/wp-content\/uploads\/2025\/07\/radionice-1.jpg\",\"width\":1536,\"height\":2048},{\"@type\":\"BreadcrumbList\",\"@id\":\"https:\/\/speravi.com.hr\/index.php\/radionice-prpovijedanja-speravi-hrvatska-kultura-slikovnice\/#breadcrumb\",\"itemListElement\":[{\"@type\":\"ListItem\",\"position\":1,\"name\":\"Po\u010detna stranica\",\"item\":\"https:\/\/speravi.com.hr\/\"},{\"@type\":\"ListItem\",\"position\":2,\"name\":\"RADIONICE PRPOVIJEDANJA\"}]},{\"@type\":\"WebSite\",\"@id\":\"https:\/\/speravi.com.hr\/#website\",\"url\":\"https:\/\/speravi.com.hr\/\",\"name\":\"Speravi\",\"description\":\"U\u010dimo malene da su istinski veliki.\",\"publisher\":{\"@id\":\"https:\/\/speravi.com.hr\/#organization\"},\"potentialAction\":[{\"@type\":\"SearchAction\",\"target\":{\"@type\":\"EntryPoint\",\"urlTemplate\":\"https:\/\/speravi.com.hr\/?s={search_term_string}\"},\"query-input\":{\"@type\":\"PropertyValueSpecification\",\"valueRequired\":true,\"valueName\":\"search_term_string\"}}],\"inLanguage\":\"hr\"},{\"@type\":\"Organization\",\"@id\":\"https:\/\/speravi.com.hr\/#organization\",\"name\":\"Speravi\",\"url\":\"https:\/\/speravi.com.hr\/\",\"logo\":{\"@type\":\"ImageObject\",\"inLanguage\":\"hr\",\"@id\":\"https:\/\/speravi.com.hr\/#\/schema\/logo\/image\/\",\"url\":\"https:\/\/speravi.com.hr\/wp-content\/uploads\/2024\/09\/Speravi-logo.jpg\",\"contentUrl\":\"https:\/\/speravi.com.hr\/wp-content\/uploads\/2024\/09\/Speravi-logo.jpg\",\"width\":695,\"height\":688,\"caption\":\"Speravi\"},\"image\":{\"@id\":\"https:\/\/speravi.com.hr\/#\/schema\/logo\/image\/\"}}]}<\/script>\n<!-- \/ Yoast SEO plugin. -->","yoast_head_json":{"title":"RADIONICE PRPOVIJEDANJA - Speravi","robots":{"index":"index","follow":"follow","max-snippet":"max-snippet:-1","max-image-preview":"max-image-preview:large","max-video-preview":"max-video-preview:-1"},"canonical":"https:\/\/speravi.com.hr\/index.php\/radionice-prpovijedanja-speravi-hrvatska-kultura-slikovnice\/","og_locale":"hr_HR","og_type":"article","og_title":"RADIONICE PRPOVIJEDANJA - Speravi","og_description":"Speravi razvija i provodi koncept interaktivnih radionica pripovijedanja Pri\u010da za svako dijete. Kako se radionice provode i koji im je cilj?Radionice se provode na dva na\u010dina. Cilj im je djeci redovnog razvoja i djeci s te\u0161ko\u0107ama, primjereno dobi i sposobnostima, omogu\u0107iti dublje razumijevanje knji\u017eevno-dramskog izraza, promi\u0161ljanje o hrvatskoj kulturnoj (i vjerskoj) ba\u0161tini, ali i va\u017enosti [&hellip;]","og_url":"https:\/\/speravi.com.hr\/index.php\/radionice-prpovijedanja-speravi-hrvatska-kultura-slikovnice\/","og_site_name":"Speravi","article_modified_time":"2025-09-16T15:05:14+00:00","og_image":[{"url":"https:\/\/speravi.com.hr\/wp-content\/uploads\/2025\/07\/radionice-1-768x1024.jpg"}],"twitter_card":"summary_large_image","twitter_misc":{"Procijenjeno vrijeme \u010ditanja":"3 minute"},"schema":{"@context":"https:\/\/schema.org","@graph":[{"@type":"WebPage","@id":"https:\/\/speravi.com.hr\/index.php\/radionice-prpovijedanja-speravi-hrvatska-kultura-slikovnice\/","url":"https:\/\/speravi.com.hr\/index.php\/radionice-prpovijedanja-speravi-hrvatska-kultura-slikovnice\/","name":"RADIONICE PRPOVIJEDANJA - Speravi","isPartOf":{"@id":"https:\/\/speravi.com.hr\/#website"},"primaryImageOfPage":{"@id":"https:\/\/speravi.com.hr\/index.php\/radionice-prpovijedanja-speravi-hrvatska-kultura-slikovnice\/#primaryimage"},"image":{"@id":"https:\/\/speravi.com.hr\/index.php\/radionice-prpovijedanja-speravi-hrvatska-kultura-slikovnice\/#primaryimage"},"thumbnailUrl":"https:\/\/speravi.com.hr\/wp-content\/uploads\/2025\/07\/radionice-1-768x1024.jpg","datePublished":"2025-07-22T15:53:26+00:00","dateModified":"2025-09-16T15:05:14+00:00","breadcrumb":{"@id":"https:\/\/speravi.com.hr\/index.php\/radionice-prpovijedanja-speravi-hrvatska-kultura-slikovnice\/#breadcrumb"},"inLanguage":"hr","potentialAction":[{"@type":"ReadAction","target":["https:\/\/speravi.com.hr\/index.php\/radionice-prpovijedanja-speravi-hrvatska-kultura-slikovnice\/"]}]},{"@type":"ImageObject","inLanguage":"hr","@id":"https:\/\/speravi.com.hr\/index.php\/radionice-prpovijedanja-speravi-hrvatska-kultura-slikovnice\/#primaryimage","url":"https:\/\/speravi.com.hr\/wp-content\/uploads\/2025\/07\/radionice-1.jpg","contentUrl":"https:\/\/speravi.com.hr\/wp-content\/uploads\/2025\/07\/radionice-1.jpg","width":1536,"height":2048},{"@type":"BreadcrumbList","@id":"https:\/\/speravi.com.hr\/index.php\/radionice-prpovijedanja-speravi-hrvatska-kultura-slikovnice\/#breadcrumb","itemListElement":[{"@type":"ListItem","position":1,"name":"Po\u010detna stranica","item":"https:\/\/speravi.com.hr\/"},{"@type":"ListItem","position":2,"name":"RADIONICE PRPOVIJEDANJA"}]},{"@type":"WebSite","@id":"https:\/\/speravi.com.hr\/#website","url":"https:\/\/speravi.com.hr\/","name":"Speravi","description":"U\u010dimo malene da su istinski veliki.","publisher":{"@id":"https:\/\/speravi.com.hr\/#organization"},"potentialAction":[{"@type":"SearchAction","target":{"@type":"EntryPoint","urlTemplate":"https:\/\/speravi.com.hr\/?s={search_term_string}"},"query-input":{"@type":"PropertyValueSpecification","valueRequired":true,"valueName":"search_term_string"}}],"inLanguage":"hr"},{"@type":"Organization","@id":"https:\/\/speravi.com.hr\/#organization","name":"Speravi","url":"https:\/\/speravi.com.hr\/","logo":{"@type":"ImageObject","inLanguage":"hr","@id":"https:\/\/speravi.com.hr\/#\/schema\/logo\/image\/","url":"https:\/\/speravi.com.hr\/wp-content\/uploads\/2024\/09\/Speravi-logo.jpg","contentUrl":"https:\/\/speravi.com.hr\/wp-content\/uploads\/2024\/09\/Speravi-logo.jpg","width":695,"height":688,"caption":"Speravi"},"image":{"@id":"https:\/\/speravi.com.hr\/#\/schema\/logo\/image\/"}}]}},"_links":{"self":[{"href":"https:\/\/speravi.com.hr\/index.php\/wp-json\/wp\/v2\/pages\/475","targetHints":{"allow":["GET"]}}],"collection":[{"href":"https:\/\/speravi.com.hr\/index.php\/wp-json\/wp\/v2\/pages"}],"about":[{"href":"https:\/\/speravi.com.hr\/index.php\/wp-json\/wp\/v2\/types\/page"}],"author":[{"embeddable":true,"href":"https:\/\/speravi.com.hr\/index.php\/wp-json\/wp\/v2\/users\/1"}],"replies":[{"embeddable":true,"href":"https:\/\/speravi.com.hr\/index.php\/wp-json\/wp\/v2\/comments?post=475"}],"version-history":[{"count":6,"href":"https:\/\/speravi.com.hr\/index.php\/wp-json\/wp\/v2\/pages\/475\/revisions"}],"predecessor-version":[{"id":508,"href":"https:\/\/speravi.com.hr\/index.php\/wp-json\/wp\/v2\/pages\/475\/revisions\/508"}],"wp:attachment":[{"href":"https:\/\/speravi.com.hr\/index.php\/wp-json\/wp\/v2\/media?parent=475"}],"curies":[{"name":"wp","href":"https:\/\/api.w.org\/{rel}","templated":true}]}}